{"id":567,"date":"2025-05-27T12:29:39","date_gmt":"2025-05-27T10:29:39","guid":{"rendered":"https:\/\/xstbarth.com\/contact\/"},"modified":"2025-06-12T12:31:40","modified_gmt":"2025-06-12T10:31:40","slug":"contact","status":"publish","type":"page","link":"https:\/\/xstbarth.com\/fr\/contact\/","title":{"rendered":"Contact"},"content":{"rendered":"\n<section class=\"block-main-hero full-width\" data-bg=\"\">\n      <img loading=\"lazy\" decoding=\"async\" width=\"393\" height=\"782\" src=\"https:\/\/xstbarth.com\/wp-content\/uploads\/2025\/05\/Mask-13.jpg\" class=\"main-hero-img d-sm-none img-fluid img-fluid\" alt=\"\" sizes=\"(min-width: 0px) 100vw, (min-width: 0px) 100vh\" srcset=\"https:\/\/xstbarth.com\/wp-content\/uploads\/2025\/05\/Mask-13.jpg 393w, https:\/\/xstbarth.com\/wp-content\/uploads\/2025\/05\/Mask-13-302x600.jpg 302w\" \/>        <img loading=\"lazy\" decoding=\"async\" width=\"1920\" height=\"1081\" src=\"https:\/\/xstbarth.com\/wp-content\/uploads\/2025\/05\/Fond-cropped-image.jpg\" class=\"main-hero-img d-none d-sm-block img-fluid\" alt=\"\" sizes=\"(min-width: 0px) 100vw, (min-width: 0px) 100vh\" srcset=\"https:\/\/xstbarth.com\/wp-content\/uploads\/2025\/05\/Fond-cropped-image.jpg 1920w, https:\/\/xstbarth.com\/wp-content\/uploads\/2025\/05\/Fond-cropped-image-800x450.jpg 800w, https:\/\/xstbarth.com\/wp-content\/uploads\/2025\/05\/Fond-cropped-image-1320x743.jpg 1320w, https:\/\/xstbarth.com\/wp-content\/uploads\/2025\/05\/Fond-cropped-image-768x432.jpg 768w, https:\/\/xstbarth.com\/wp-content\/uploads\/2025\/05\/Fond-cropped-image-1536x865.jpg 1536w, https:\/\/xstbarth.com\/wp-content\/uploads\/2025\/05\/Fond-cropped-image-420x236.jpg 420w\" \/>    <div class=\"title-wrapper \">\n          <div class=\"surtitle\">Selling Your Island Property<\/div>\n              <h1 class=\"title\">The Luxe Process<\/h1>\n      <\/div>\n<\/section>\n\n\n\n<section class=\"block-contact-form\" data-aos=\"fade-up\">\n  <div class=\"container\">\n          <div class=\"form-top\">\n                  <div class=\"title\">X REAL ESTATE VOUS DONNE ACC\u00c8S \u00c0 PLUS DE 400 PROPRI\u00c9T\u00c9S GR\u00c2CE \u00c0 SES PARTENAIRES<\/div>\n                          <div class=\"subtitle\"><p>Avec plus de\u00a0<strong data-sourcepos=\"71:15-71:46\">600 propri\u00e9t\u00e9s disponibles<\/strong>, X Real Estate dispose d\u2019un portefeuille plus vaste que toute autre agence.<br data-sourcepos=\"71:125-71:126\" \/>Nous vous offrons un\u00a0<strong data-sourcepos=\"72:23-72:41\">acc\u00e8s exclusif<\/strong>\u00a0aux meilleures opportunit\u00e9s de location \u00e0 Saint-Barth.<\/p><\/div>\n              <\/div>\n      <\/div>\n  <div class=\"form-banner\">\n          <h3 class=\"title-form\">Veuillez remplir le court questionnaire ci-dessous ou contactez-nous directement<\/h3>\n        \n  <ul class=\"infos-form\">\n                  <li class=\"member-infos\">\n          <a href=\"tel:+1(508)2215527\">\n                          <span class=\"member-name\">Douglas  :<\/span>\n                        <span class=\"member-phone\">+1 (508) 221 5527 <\/span>\n          <\/a>\n        <\/li>\n                        <li class=\"member-infos\">\n          <a href=\"tel:+33645582748\">\n                          <span class=\"member-name\">JP :<\/span>\n                        <span class=\"member-phone\">+33 6 45 58 27 48<\/span>\n          <\/a>\n        <\/li>\n                    <li>\n        <a href=\"https:\/\/wa.me\/+590690766515\" target=\"_blank\">\n          <svg class=\"svg-logo-whatsapp-dims\">\n            <use xmlns:xlink=\"http:\/\/www.w3.org\/1999\/xlink\" xlink:href=\"https:\/\/xstbarth.com\/wp-content\/themes\/x-real-estate\/dist\/images\/sprite.symbol.9ce77acc.svg#logo-whatsapp\"><\/use>\n          <\/svg>\n        <\/a>\n      <\/li>\n      <\/ul>\n  <\/div>\n      <div class=\"contact-form\">\n              <div class=\"label-form-intro\">Pour les besoins du questionnaire :<\/div>\n            \n<div class=\"wpcf7 no-js\" id=\"wpcf7-f585-o1\" lang=\"en-US\" dir=\"ltr\" data-wpcf7-id=\"585\">\n<div class=\"screen-reader-response\"><p role=\"status\" aria-live=\"polite\" aria-atomic=\"true\"><\/p> <ul><\/ul><\/div>\n<form action=\"\/fr\/wp-json\/wp\/v2\/pages\/567#wpcf7-f585-o1\" method=\"post\" class=\"wpcf7-form init\" aria-label=\"Contact form\" novalidate=\"novalidate\" data-status=\"init\">\n<fieldset class=\"hidden-fields-container\"><input type=\"hidden\" name=\"_wpcf7\" value=\"585\" \/><input type=\"hidden\" name=\"_wpcf7_version\" value=\"6.1.1\" \/><input type=\"hidden\" name=\"_wpcf7_locale\" value=\"en_US\" \/><input type=\"hidden\" name=\"_wpcf7_unit_tag\" value=\"wpcf7-f585-o1\" \/><input type=\"hidden\" name=\"_wpcf7_container_post\" value=\"0\" \/><input type=\"hidden\" name=\"_wpcf7_posted_data_hash\" value=\"\" \/>\n<\/fieldset>\n<div class=\"form-2col\">\n\t<p><label>Pr\u00e9nom * <span class=\"wpcf7-form-control-wrap\" data-name=\"firstname\"><input size=\"40\" maxlength=\"400\" class=\"wpcf7-form-control wpcf7-text wpcf7-validates-as-required form-control\" aria-required=\"true\" aria-invalid=\"false\" placeholder=\"Ronald\" value=\"\" type=\"text\" name=\"firstname\" \/><\/span><\/label>\n\t<\/p>\n\t<p><label>Nom * <span class=\"wpcf7-form-control-wrap\" data-name=\"surname\"><input size=\"40\" maxlength=\"400\" class=\"wpcf7-form-control wpcf7-text wpcf7-validates-as-required form-control\" aria-required=\"true\" aria-invalid=\"false\" placeholder=\"McEwen\" value=\"\" type=\"text\" name=\"surname\" \/><\/span><\/label>\n\t<\/p>\n<\/div>\n<div class=\"form-2col\">\n\t<p><label>E-mail * <span class=\"wpcf7-form-control-wrap\" data-name=\"email\"><input size=\"40\" maxlength=\"400\" class=\"wpcf7-form-control wpcf7-email wpcf7-validates-as-required wpcf7-text wpcf7-validates-as-email form-control\" aria-required=\"true\" aria-invalid=\"false\" placeholder=\"ronaldmcewen@gmail.com\" value=\"\" type=\"email\" name=\"email\" \/><\/span><\/label>\n\t<\/p>\n\t<p><label>Num\u00e9ro de t\u00e9l\u00e9phone * <span class=\"wpcf7-form-control-wrap\" data-name=\"tel\"><input size=\"40\" maxlength=\"13\" minlength=\"10\" class=\"wpcf7-form-control wpcf7-tel wpcf7-validates-as-required wpcf7-text wpcf7-validates-as-tel form-control\" aria-required=\"true\" aria-invalid=\"false\" placeholder=\"+12481237654\" value=\"\" type=\"tel\" name=\"tel\" \/><\/span><\/label>\n\t<\/p>\n<\/div>\n<hr \/>\n<p><label>Localisations *<\/label>\n<\/p>\n<p><span class=\"wpcf7-form-control-wrap\" data-name=\"locations\"><span class=\"wpcf7-form-control wpcf7-checkbox wpcf7-validates-as-required\"><span class=\"wpcf7-list-item first\"><label><input type=\"checkbox\" name=\"locations[]\" value=\"Tous\" \/><span class=\"wpcf7-list-item-label\">Tous<\/span><\/label><\/span><span class=\"wpcf7-list-item\"><label><input type=\"checkbox\" name=\"locations[]\" value=\"Gustavia \/ Public\" \/><span class=\"wpcf7-list-item-label\">Gustavia \/ Public<\/span><\/label><\/span><span class=\"wpcf7-list-item\"><label><input type=\"checkbox\" name=\"locations[]\" value=\"Lurin\" \/><span class=\"wpcf7-list-item-label\">Lurin<\/span><\/label><\/span><span class=\"wpcf7-list-item\"><label><input type=\"checkbox\" name=\"locations[]\" value=\"Saline\" \/><span class=\"wpcf7-list-item-label\">Saline<\/span><\/label><\/span><span class=\"wpcf7-list-item\"><label><input type=\"checkbox\" name=\"locations[]\" value=\"Grand Cul-de-Sac\" \/><span class=\"wpcf7-list-item-label\">Grand Cul-de-Sac<\/span><\/label><\/span><span class=\"wpcf7-list-item\"><label><input type=\"checkbox\" name=\"locations[]\" value=\"Corossol\" \/><span class=\"wpcf7-list-item-label\">Corossol<\/span><\/label><\/span><span class=\"wpcf7-list-item\"><label><input type=\"checkbox\" name=\"locations[]\" value=\"Gouverneur\" \/><span class=\"wpcf7-list-item-label\">Gouverneur<\/span><\/label><\/span><span class=\"wpcf7-list-item\"><label><input type=\"checkbox\" name=\"locations[]\" value=\"Lorient \/ Camaruche\" \/><span class=\"wpcf7-list-item-label\">Lorient \/ Camaruche<\/span><\/label><\/span><span class=\"wpcf7-list-item\"><label><input type=\"checkbox\" name=\"locations[]\" value=\"Marigot\" \/><span class=\"wpcf7-list-item-label\">Marigot<\/span><\/label><\/span><span class=\"wpcf7-list-item\"><label><input type=\"checkbox\" name=\"locations[]\" value=\"Petit Cul-de-Sac\" \/><span class=\"wpcf7-list-item-label\">Petit Cul-de-Sac<\/span><\/label><\/span><span class=\"wpcf7-list-item\"><label><input type=\"checkbox\" name=\"locations[]\" value=\"Pointe Milou\" \/><span class=\"wpcf7-list-item-label\">Pointe Milou<\/span><\/label><\/span><span class=\"wpcf7-list-item\"><label><input type=\"checkbox\" name=\"locations[]\" value=\"Saint-Jean\" \/><span class=\"wpcf7-list-item-label\">Saint-Jean<\/span><\/label><\/span><span class=\"wpcf7-list-item\"><label><input type=\"checkbox\" name=\"locations[]\" value=\"Toiny\" \/><span class=\"wpcf7-list-item-label\">Toiny<\/span><\/label><\/span><span class=\"wpcf7-list-item\"><label><input type=\"checkbox\" name=\"locations[]\" value=\"Flamands\" \/><span class=\"wpcf7-list-item-label\">Flamands<\/span><\/label><\/span><span class=\"wpcf7-list-item\"><label><input type=\"checkbox\" name=\"locations[]\" value=\"Vitet\" \/><span class=\"wpcf7-list-item-label\">Vitet<\/span><\/label><\/span><span class=\"wpcf7-list-item\"><label><input type=\"checkbox\" name=\"locations[]\" value=\"Anse des Cayes\" \/><span class=\"wpcf7-list-item-label\">Anse des Cayes<\/span><\/label><\/span><span class=\"wpcf7-list-item last\"><label><input type=\"checkbox\" name=\"locations[]\" value=\"Colombier\" \/><span class=\"wpcf7-list-item-label\">Colombier<\/span><\/label><\/span><\/span><\/span><br \/>\n<hr \/>\n<\/p>\n<div class=\"desktop-wrapper\">\n\t<div>\n\t\t<p><label>Type de propri\u00e9t\u00e9 *<\/label>\n\t\t<\/p>\n\t\t<p><span class=\"wpcf7-form-control-wrap\" data-name=\"property_type\"><span class=\"wpcf7-form-control wpcf7-checkbox wpcf7-validates-as-required\"><span class=\"wpcf7-list-item first\"><label><input type=\"checkbox\" name=\"property_type[]\" value=\"Tous\" \/><span class=\"wpcf7-list-item-label\">Tous<\/span><\/label><\/span><span class=\"wpcf7-list-item\"><label><input type=\"checkbox\" name=\"property_type[]\" value=\"Villa\" \/><span class=\"wpcf7-list-item-label\">Villa<\/span><\/label><\/span><span class=\"wpcf7-list-item\"><label><input type=\"checkbox\" name=\"property_type[]\" value=\"Land\" \/><span class=\"wpcf7-list-item-label\">Land<\/span><\/label><\/span><span class=\"wpcf7-list-item last\"><label><input type=\"checkbox\" name=\"property_type[]\" value=\"Commercial\" \/><span class=\"wpcf7-list-item-label\">Commercial<\/span><\/label><\/span><\/span><\/span><br \/>\n\t\t<hr class=\"d-lg-none\" \/>\n\t\t<\/p>\n\t<\/div>\n\t<div class=\"form-2col\">\n\t\t<p><label>Nombre de pi\u00e8ces <span class=\"wpcf7-form-control-wrap\" data-name=\"rooms_count\"><input class=\"wpcf7-form-control wpcf7-number wpcf7-validates-as-number form-control rooms-count\" aria-invalid=\"false\" placeholder=\"Nombre de pi\u00e8ces\" value=\"\" type=\"number\" name=\"rooms_count\" \/><\/span><\/label>\n\t\t<\/p>\n\t\t<p><label>Prix <span class=\"wpcf7-form-control-wrap\" data-name=\"price\"><input class=\"wpcf7-form-control wpcf7-number wpcf7-validates-as-number form-control price-max\" aria-invalid=\"false\" placeholder=\"Prix maximum\" value=\"\" type=\"number\" name=\"price\" \/><\/span><\/label>\n\t\t<\/p>\n\t<\/div>\n<\/div>\n<hr \/>\n<p><label>Informations suppl\u00e9mentaires <span class=\"wpcf7-form-control-wrap\" data-name=\"message\"><textarea cols=\"40\" rows=\"10\" maxlength=\"2000\" class=\"wpcf7-form-control wpcf7-textarea form-control\" aria-invalid=\"false\" placeholder=\"Confiez-nous vos attentes. Nous nous occupons du reste.\" name=\"message\"><\/textarea><\/span><\/label>\n<\/p>\n<p><span class=\"wpcf7-form-control-wrap\" data-name=\"rgpd\"><span class=\"wpcf7-form-control wpcf7-checkbox wpcf7-validates-as-required rgpd-checkbox\"><span class=\"wpcf7-list-item first last\"><label><input type=\"checkbox\" name=\"rgpd[]\" value=\"J&#039;accepte que les donn\u00e9es saisies dans ce formulaire soient utilis\u00e9es par X Real pour traiter ma demande, conform\u00e9ment \u00e0 la politique de confidentialit\u00e9 de ce site.\" \/><span class=\"wpcf7-list-item-label\">J&#039;accepte que les donn\u00e9es saisies dans ce formulaire soient utilis\u00e9es par X Real pour traiter ma demande, conform\u00e9ment \u00e0 la politique de confidentialit\u00e9 de ce site.<\/span><\/label><\/span><\/span><\/span>\n<\/p>\n<div class=\"wpcf7-response-output\" aria-hidden=\"true\"><\/div>\n<p><input class=\"wpcf7-form-control wpcf7-submit has-spinner btn btn-primary\" type=\"submit\" value=\"Soumettre ma demande\" \/>\n<\/p><div class=\"pow-captcha-placeholder\"><\/div>\n<\/form>\n<\/div>\n              <div class=\"form-rgpd\">* Champs requis<\/div>\n          <\/div>\n  <\/section>\n\n\n","protected":false},"excerpt":{"rendered":"","protected":false},"author":1,"featured_media":0,"parent":0,"menu_order":0,"comment_status":"closed","ping_status":"closed","template":"template-pagebuilder.php","meta":{"inline_featured_image":false,"footnotes":""},"class_list":["post-567","page","type-page","status-publish","hentry"],"yoast_head":"<!-- This site is optimized with the Yoast SEO plugin v26.0 - https:\/\/yoast.com\/wordpress\/plugins\/seo\/ -->\n<title>Contact - X Real Estate<\/title>\n<meta name=\"robots\" content=\"index, follow, max-snippet:-1, max-image-preview:large, max-video-preview:-1\" \/>\n<link rel=\"canonical\" href=\"https:\/\/x-real-estate.staging2.kaizen-developments.com\/fr\/contact\/\" \/>\n<meta property=\"og:locale\" content=\"fr_FR\" \/>\n<meta property=\"og:type\" content=\"article\" \/>\n<meta property=\"og:title\" content=\"Contact - X Real Estate\" \/>\n<meta property=\"og:url\" content=\"https:\/\/x-real-estate.staging2.kaizen-developments.com\/fr\/contact\/\" \/>\n<meta property=\"og:site_name\" content=\"X Real Estate\" \/>\n<meta property=\"article:modified_time\" content=\"2025-06-12T10:31:40+00:00\" \/>\n<meta name=\"twitter:card\" content=\"summary_large_image\" \/>\n<script type=\"application\/ld+json\" class=\"yoast-schema-graph\">{\"@context\":\"https:\/\/schema.org\",\"@graph\":[{\"@type\":\"WebPage\",\"@id\":\"https:\/\/x-real-estate.staging2.kaizen-developments.com\/fr\/contact\/\",\"url\":\"https:\/\/x-real-estate.staging2.kaizen-developments.com\/fr\/contact\/\",\"name\":\"Contact - X Real Estate\",\"isPartOf\":{\"@id\":\"https:\/\/x-real-estate.dev5.kaizen-developments.com\/#website\"},\"datePublished\":\"2025-05-27T10:29:39+00:00\",\"dateModified\":\"2025-06-12T10:31:40+00:00\",\"breadcrumb\":{\"@id\":\"https:\/\/x-real-estate.staging2.kaizen-developments.com\/fr\/contact\/#breadcrumb\"},\"inLanguage\":\"fr-FR\",\"potentialAction\":[{\"@type\":\"ReadAction\",\"target\":[\"https:\/\/x-real-estate.staging2.kaizen-developments.com\/fr\/contact\/\"]}]},{\"@type\":\"BreadcrumbList\",\"@id\":\"https:\/\/x-real-estate.staging2.kaizen-developments.com\/fr\/contact\/#breadcrumb\",\"itemListElement\":[{\"@type\":\"ListItem\",\"position\":1,\"name\":\"Home\",\"item\":\"https:\/\/x-real-estate.staging2.kaizen-developments.com\/fr\/\"},{\"@type\":\"ListItem\",\"position\":2,\"name\":\"Contact\"}]},{\"@type\":\"WebSite\",\"@id\":\"https:\/\/x-real-estate.dev5.kaizen-developments.com\/#website\",\"url\":\"https:\/\/x-real-estate.dev5.kaizen-developments.com\/\",\"name\":\"X Real Estate\",\"description\":\"\",\"potentialAction\":[{\"@type\":\"SearchAction\",\"target\":{\"@type\":\"EntryPoint\",\"urlTemplate\":\"https:\/\/x-real-estate.dev5.kaizen-developments.com\/?s={search_term_string}\"},\"query-input\":{\"@type\":\"PropertyValueSpecification\",\"valueRequired\":true,\"valueName\":\"search_term_string\"}}],\"inLanguage\":\"fr-FR\"}]}<\/script>\n<!-- \/ Yoast SEO plugin. -->","yoast_head_json":{"title":"Contact - X Real Estate","robots":{"index":"index","follow":"follow","max-snippet":"max-snippet:-1","max-image-preview":"max-image-preview:large","max-video-preview":"max-video-preview:-1"},"canonical":"https:\/\/x-real-estate.staging2.kaizen-developments.com\/fr\/contact\/","og_locale":"fr_FR","og_type":"article","og_title":"Contact - X Real Estate","og_url":"https:\/\/x-real-estate.staging2.kaizen-developments.com\/fr\/contact\/","og_site_name":"X Real Estate","article_modified_time":"2025-06-12T10:31:40+00:00","twitter_card":"summary_large_image","schema":{"@context":"https:\/\/schema.org","@graph":[{"@type":"WebPage","@id":"https:\/\/x-real-estate.staging2.kaizen-developments.com\/fr\/contact\/","url":"https:\/\/x-real-estate.staging2.kaizen-developments.com\/fr\/contact\/","name":"Contact - X Real Estate","isPartOf":{"@id":"https:\/\/x-real-estate.dev5.kaizen-developments.com\/#website"},"datePublished":"2025-05-27T10:29:39+00:00","dateModified":"2025-06-12T10:31:40+00:00","breadcrumb":{"@id":"https:\/\/x-real-estate.staging2.kaizen-developments.com\/fr\/contact\/#breadcrumb"},"inLanguage":"fr-FR","potentialAction":[{"@type":"ReadAction","target":["https:\/\/x-real-estate.staging2.kaizen-developments.com\/fr\/contact\/"]}]},{"@type":"BreadcrumbList","@id":"https:\/\/x-real-estate.staging2.kaizen-developments.com\/fr\/contact\/#breadcrumb","itemListElement":[{"@type":"ListItem","position":1,"name":"Home","item":"https:\/\/x-real-estate.staging2.kaizen-developments.com\/fr\/"},{"@type":"ListItem","position":2,"name":"Contact"}]},{"@type":"WebSite","@id":"https:\/\/x-real-estate.dev5.kaizen-developments.com\/#website","url":"https:\/\/x-real-estate.dev5.kaizen-developments.com\/","name":"X Real Estate","description":"","potentialAction":[{"@type":"SearchAction","target":{"@type":"EntryPoint","urlTemplate":"https:\/\/x-real-estate.dev5.kaizen-developments.com\/?s={search_term_string}"},"query-input":{"@type":"PropertyValueSpecification","valueRequired":true,"valueName":"search_term_string"}}],"inLanguage":"fr-FR"}]}},"_links":{"self":[{"href":"https:\/\/xstbarth.com\/fr\/wp-json\/wp\/v2\/pages\/567","targetHints":{"allow":["GET"]}}],"collection":[{"href":"https:\/\/xstbarth.com\/fr\/wp-json\/wp\/v2\/pages"}],"about":[{"href":"https:\/\/xstbarth.com\/fr\/wp-json\/wp\/v2\/types\/page"}],"author":[{"embeddable":true,"href":"https:\/\/xstbarth.com\/fr\/wp-json\/wp\/v2\/users\/1"}],"replies":[{"embeddable":true,"href":"https:\/\/xstbarth.com\/fr\/wp-json\/wp\/v2\/comments?post=567"}],"version-history":[{"count":2,"href":"https:\/\/xstbarth.com\/fr\/wp-json\/wp\/v2\/pages\/567\/revisions"}],"predecessor-version":[{"id":589,"href":"https:\/\/xstbarth.com\/fr\/wp-json\/wp\/v2\/pages\/567\/revisions\/589"}],"wp:attachment":[{"href":"https:\/\/xstbarth.com\/fr\/wp-json\/wp\/v2\/media?parent=567"}],"curies":[{"name":"wp","href":"https:\/\/api.w.org\/{rel}","templated":true}]}}