{"id":139,"date":"2025-05-07T09:23:18","date_gmt":"2025-05-07T07:23:18","guid":{"rendered":"https:\/\/xstbarth.com\/services\/"},"modified":"2025-09-24T17:19:08","modified_gmt":"2025-09-24T15:19:08","slug":"services","status":"publish","type":"page","link":"https:\/\/xstbarth.com\/fr\/services\/","title":{"rendered":"Services"},"content":{"rendered":"\n<section class=\"block-main-hero full-width\" data-bg=\"dark-black\">\n      <div class=\"title-wrapper reverse\">\n          <div class=\"surtitle\">Gr\u00e2ce \u00e0 nos partenaires, profitez d\u2019un acc\u00e8s privil\u00e9gi\u00e9 \u00e0 une s\u00e9lection de services sur mesure.<\/div>\n              <h1 class=\"title\">SERVICES EXCLUSIFS<\/h1>\n      <\/div>\n<\/section>\n\n\n\n<section class=\"block-slider\" data-aos=\"fade-up\">\n  <div>\n          <div class=\"surtitle\">\n        POUR LA VENTE      <\/div>\n              <h2 class=\"title\">\n        Vendre un bien d\u2019exception ne se r\u00e9sume pas \u00e0 signer un contrat.\u00a0X Real Estate\u00a0vous connecte avec les bons partenaires, exactement au moment o\u00f9 vous en avez besoin.      <\/h2>\n              <a href=\"https:\/\/xstbarth.com\/rent\/\" class=\"btn btn-primary d-none d-lg-flex\">\n        Contactez-nous      <\/a>\n      <\/div>\n      <div>\n      <div class=\"swiper carousel-swiper\" id=\"carousel-1\">\n        <div class=\"swiper-wrapper\">\n                      <div class=\"swiper-slide\">\n                              <img loading=\"lazy\" decoding=\"async\" width=\"376\" height=\"533\" src=\"https:\/\/xstbarth.com\/wp-content\/uploads\/2025\/05\/AdobeStock_481644943-crop-group.jpg\" class=\"service-img img-fluid\" alt=\"\" \/>                                            <h3 class=\"service-title\">\n                  Assurance                <\/h3>\n                                            <div class=\"service-desc\">\n                   Des experts pour s\u00e9curiser vos actifs.                <\/div>\n                          <\/div>\n                      <div class=\"swiper-slide\">\n                              <img loading=\"lazy\" decoding=\"async\" width=\"376\" height=\"533\" src=\"https:\/\/xstbarth.com\/wp-content\/uploads\/2025\/05\/AdobeStock_348477519_Editorial_Use_Only-crop-group.jpg\" class=\"service-img img-fluid\" alt=\"\" \/>                                            <h3 class=\"service-title\">\n                  Achat de v\u00e9hicules                <\/h3>\n                                            <div class=\"service-desc\">\n                  Des sp\u00e9cialistes pour simplifier votre acquisition.                <\/div>\n                          <\/div>\n                      <div class=\"swiper-slide\">\n                              <img loading=\"lazy\" decoding=\"async\" width=\"376\" height=\"533\" src=\"https:\/\/xstbarth.com\/wp-content\/uploads\/2025\/05\/AdobeStock_280005466-crop-group.jpg\" class=\"service-img img-fluid\" alt=\"\" \/>                                            <h3 class=\"service-title\">\n                  Services financiers                <\/h3>\n                                            <div class=\"service-desc\">\n                  Acc\u00e8s direct aux meilleurs experts.                <\/div>\n                          <\/div>\n                  <\/div>\n      <\/div>\n      <div class=\"navigation-wrapper\">\n        <div class=\"swiper-nav\">\n          <div class=\"swiper-button-prev prev-carousel-1\">\n            <svg class=\"svg-next-arrow-dims\" aria-hidden=\"true\">\n              <use xmlns:xlink=\"http:\/\/www.w3.org\/1999\/xlink\" xlink:href=\"https:\/\/xstbarth.com\/wp-content\/themes\/x-real-estate\/dist\/images\/sprite.symbol.9ce77acc.svg#next-arrow\"><\/use>\n            <\/svg>\n          <\/div>\n          <div class=\"swiper-button-next next-carousel-1\">\n            <svg class=\"svg-next-arrow-dims\" aria-hidden=\"true\">\n              <use xmlns:xlink=\"http:\/\/www.w3.org\/1999\/xlink\" xlink:href=\"https:\/\/xstbarth.com\/wp-content\/themes\/x-real-estate\/dist\/images\/sprite.symbol.9ce77acc.svg#next-arrow\"><\/use>\n            <\/svg>\n          <\/div>\n        <\/div>\n        <div class=\"swiper-pagination\"><\/div>\n      <\/div>\n    <\/div>\n        <a href=\"https:\/\/xstbarth.com\/rent\/\" class=\"btn btn-primary d-lg-none\">\n      Contactez-nous    <\/a>\n  <\/section>\n\n\n\n<section class=\"block-services\" data-aos=\"fade-up\">\n  <div class=\"container\">\n          <div class=\"surtitle\">\n        POUR LA LOCATION      <\/div>\n              <h2 class=\"title\">\n        Simplifiez votre s\u00e9jour \u00e0 Saint-Barth. Nos partenaires d\u2019exception s\u2019occupent de tout,\u00a0vous n\u2019avez plus qu\u2019\u00e0 en profiter.      <\/h2>\n              <div class=\"services-grid\">\n                  <div class=\"service-wrapper\" data-aos=\"zoom-in\">\n                          <img loading=\"lazy\" decoding=\"async\" width=\"360\" height=\"230\" src=\"https:\/\/xstbarth.com\/wp-content\/uploads\/2025\/05\/AdobeStock_215242630-crop-group-1.jpg\" class=\"rental-service-img d-lg-none img-fluid\" alt=\"\" \/>                                      <img loading=\"lazy\" decoding=\"async\" width=\"330\" height=\"576\" src=\"https:\/\/xstbarth.com\/wp-content\/uploads\/2025\/05\/AdobeStock_215242630-crop-group.jpg\" class=\"rental-service-img d-none d-lg-block img-fluid\" alt=\"\" \/>                        <div class=\"title-wrapper\">\n                              <h3 class=\"service-title\">\n                  Conciergerie                <\/h3>\n                                            <div class=\"service-desc\">\n                  Un service personnalis\u00e9 pour chaque d\u00e9tail                <\/div>\n                          <\/div>\n          <\/div>\n                  <div class=\"service-wrapper\" data-aos=\"zoom-in\">\n                          <img loading=\"lazy\" decoding=\"async\" width=\"360\" height=\"230\" src=\"https:\/\/xstbarth.com\/wp-content\/uploads\/2025\/05\/AdobeStock_215242630-crop-group-Copy.jpg\" class=\"rental-service-img d-lg-none img-fluid\" alt=\"\" \/>                                      <img loading=\"lazy\" decoding=\"async\" width=\"330\" height=\"576\" src=\"https:\/\/xstbarth.com\/wp-content\/uploads\/2025\/05\/AdobeStock_182743633-crop-group.jpg\" class=\"rental-service-img d-none d-lg-block img-fluid\" alt=\"\" \/>                        <div class=\"title-wrapper\">\n                              <h3 class=\"service-title\">\n                  Personal Shopper                <\/h3>\n                                            <div class=\"service-desc\">\n                  S\u00e9lection sur mesure livr\u00e9e directement dans votre villa                <\/div>\n                          <\/div>\n          <\/div>\n                  <div class=\"service-wrapper\" data-aos=\"zoom-in\">\n                          <img loading=\"lazy\" decoding=\"async\" width=\"360\" height=\"230\" src=\"https:\/\/xstbarth.com\/wp-content\/uploads\/2025\/05\/AdobeStock_215242630-crop-group-Copy-1.jpg\" class=\"rental-service-img d-lg-none img-fluid\" alt=\"\" \/>                                      <img loading=\"lazy\" decoding=\"async\" width=\"330\" height=\"576\" src=\"https:\/\/xstbarth.com\/wp-content\/uploads\/2025\/05\/AdobeStock_380888578.jpg\" class=\"rental-service-img d-none d-lg-block img-fluid\" alt=\"\" \/>                        <div class=\"title-wrapper\">\n                              <h3 class=\"service-title\">\n                  Livraison de courses                <\/h3>\n                                            <div class=\"service-desc\">\n                  Produits frais et locaux livr\u00e9s chez vous.                <\/div>\n                          <\/div>\n          <\/div>\n                  <div class=\"service-wrapper\" data-aos=\"zoom-in\">\n                          <img loading=\"lazy\" decoding=\"async\" width=\"360\" height=\"230\" src=\"https:\/\/xstbarth.com\/wp-content\/uploads\/2025\/05\/AdobeStock_215242630-crop-group-Copy-2.jpg\" class=\"rental-service-img d-lg-none img-fluid\" alt=\"\" \/>                                      <img loading=\"lazy\" decoding=\"async\" width=\"330\" height=\"576\" src=\"https:\/\/xstbarth.com\/wp-content\/uploads\/2025\/05\/AdobeStock_216896392.jpg\" class=\"rental-service-img d-none d-lg-block img-fluid\" alt=\"\" \/>                        <div class=\"title-wrapper\">\n                              <h3 class=\"service-title\">\n                  Location de bateau priv\u00e9                <\/h3>\n                                            <div class=\"service-desc\">\n                  Naviguez avec style et en toute intimit\u00e9.                <\/div>\n                          <\/div>\n          <\/div>\n                  <div class=\"service-wrapper\" data-aos=\"zoom-in\">\n                          <img loading=\"lazy\" decoding=\"async\" width=\"360\" height=\"230\" src=\"https:\/\/xstbarth.com\/wp-content\/uploads\/2025\/05\/AdobeStock_215242630-crop-group-Copy-3.jpg\" class=\"rental-service-img d-lg-none img-fluid\" alt=\"\" \/>                                      <img loading=\"lazy\" decoding=\"async\" width=\"330\" height=\"576\" src=\"https:\/\/xstbarth.com\/wp-content\/uploads\/2025\/05\/AdobeStock_160024002-crop-group.jpg\" class=\"rental-service-img d-none d-lg-block img-fluid\" alt=\"\" \/>                        <div class=\"title-wrapper\">\n                              <h3 class=\"service-title\">\n                  Chef priv\u00e9                <\/h3>\n                                            <div class=\"service-desc\">\n                  Exp\u00e9riences culinaires inoubliables, con\u00e7ues par des chefs experts.                <\/div>\n                          <\/div>\n          <\/div>\n              <\/div>\n      <\/div>\n<\/section>\n","protected":false},"excerpt":{"rendered":"","protected":false},"author":1,"featured_media":0,"parent":0,"menu_order":0,"comment_status":"closed","ping_status":"closed","template":"template-pagebuilder.php","meta":{"inline_featured_image":false,"footnotes":""},"class_list":["post-139","page","type-page","status-publish","hentry"],"yoast_head":"<!-- This site is optimized with the Yoast SEO plugin v26.0 - https:\/\/yoast.com\/wordpress\/plugins\/seo\/ -->\n<title>Services - X Real Estate<\/title>\n<meta name=\"robots\" content=\"index, follow, max-snippet:-1, max-image-preview:large, max-video-preview:-1\" \/>\n<link rel=\"canonical\" href=\"https:\/\/xstbarth.com\/fr\/services\/\" \/>\n<meta property=\"og:locale\" content=\"fr_FR\" \/>\n<meta property=\"og:type\" content=\"article\" \/>\n<meta property=\"og:title\" content=\"Services - X Real Estate\" \/>\n<meta property=\"og:url\" content=\"https:\/\/xstbarth.com\/fr\/services\/\" \/>\n<meta property=\"og:site_name\" content=\"X Real Estate\" \/>\n<meta property=\"article:modified_time\" content=\"2025-09-24T15:19:08+00:00\" \/>\n<meta name=\"twitter:card\" content=\"summary_large_image\" \/>\n<script type=\"application\/ld+json\" class=\"yoast-schema-graph\">{\"@context\":\"https:\/\/schema.org\",\"@graph\":[{\"@type\":\"WebPage\",\"@id\":\"https:\/\/xstbarth.com\/fr\/services\/\",\"url\":\"https:\/\/xstbarth.com\/fr\/services\/\",\"name\":\"Services - X Real Estate\",\"isPartOf\":{\"@id\":\"https:\/\/x-real-estate.dev5.kaizen-developments.com\/#website\"},\"datePublished\":\"2025-05-07T07:23:18+00:00\",\"dateModified\":\"2025-09-24T15:19:08+00:00\",\"breadcrumb\":{\"@id\":\"https:\/\/xstbarth.com\/fr\/services\/#breadcrumb\"},\"inLanguage\":\"fr-FR\",\"potentialAction\":[{\"@type\":\"ReadAction\",\"target\":[\"https:\/\/xstbarth.com\/fr\/services\/\"]}]},{\"@type\":\"BreadcrumbList\",\"@id\":\"https:\/\/xstbarth.com\/fr\/services\/#breadcrumb\",\"itemListElement\":[{\"@type\":\"ListItem\",\"position\":1,\"name\":\"Home\",\"item\":\"https:\/\/x-real-estate.staging2.kaizen-developments.com\/fr\/\"},{\"@type\":\"ListItem\",\"position\":2,\"name\":\"Services\"}]},{\"@type\":\"WebSite\",\"@id\":\"https:\/\/x-real-estate.dev5.kaizen-developments.com\/#website\",\"url\":\"https:\/\/x-real-estate.dev5.kaizen-developments.com\/\",\"name\":\"X Real Estate\",\"description\":\"\",\"potentialAction\":[{\"@type\":\"SearchAction\",\"target\":{\"@type\":\"EntryPoint\",\"urlTemplate\":\"https:\/\/x-real-estate.dev5.kaizen-developments.com\/?s={search_term_string}\"},\"query-input\":{\"@type\":\"PropertyValueSpecification\",\"valueRequired\":true,\"valueName\":\"search_term_string\"}}],\"inLanguage\":\"fr-FR\"}]}<\/script>\n<!-- \/ Yoast SEO plugin. -->","yoast_head_json":{"title":"Services - X Real Estate","robots":{"index":"index","follow":"follow","max-snippet":"max-snippet:-1","max-image-preview":"max-image-preview:large","max-video-preview":"max-video-preview:-1"},"canonical":"https:\/\/xstbarth.com\/fr\/services\/","og_locale":"fr_FR","og_type":"article","og_title":"Services - X Real Estate","og_url":"https:\/\/xstbarth.com\/fr\/services\/","og_site_name":"X Real Estate","article_modified_time":"2025-09-24T15:19:08+00:00","twitter_card":"summary_large_image","schema":{"@context":"https:\/\/schema.org","@graph":[{"@type":"WebPage","@id":"https:\/\/xstbarth.com\/fr\/services\/","url":"https:\/\/xstbarth.com\/fr\/services\/","name":"Services - X Real Estate","isPartOf":{"@id":"https:\/\/x-real-estate.dev5.kaizen-developments.com\/#website"},"datePublished":"2025-05-07T07:23:18+00:00","dateModified":"2025-09-24T15:19:08+00:00","breadcrumb":{"@id":"https:\/\/xstbarth.com\/fr\/services\/#breadcrumb"},"inLanguage":"fr-FR","potentialAction":[{"@type":"ReadAction","target":["https:\/\/xstbarth.com\/fr\/services\/"]}]},{"@type":"BreadcrumbList","@id":"https:\/\/xstbarth.com\/fr\/services\/#breadcrumb","itemListElement":[{"@type":"ListItem","position":1,"name":"Home","item":"https:\/\/x-real-estate.staging2.kaizen-developments.com\/fr\/"},{"@type":"ListItem","position":2,"name":"Services"}]},{"@type":"WebSite","@id":"https:\/\/x-real-estate.dev5.kaizen-developments.com\/#website","url":"https:\/\/x-real-estate.dev5.kaizen-developments.com\/","name":"X Real Estate","description":"","potentialAction":[{"@type":"SearchAction","target":{"@type":"EntryPoint","urlTemplate":"https:\/\/x-real-estate.dev5.kaizen-developments.com\/?s={search_term_string}"},"query-input":{"@type":"PropertyValueSpecification","valueRequired":true,"valueName":"search_term_string"}}],"inLanguage":"fr-FR"}]}},"_links":{"self":[{"href":"https:\/\/xstbarth.com\/fr\/wp-json\/wp\/v2\/pages\/139","targetHints":{"allow":["GET"]}}],"collection":[{"href":"https:\/\/xstbarth.com\/fr\/wp-json\/wp\/v2\/pages"}],"about":[{"href":"https:\/\/xstbarth.com\/fr\/wp-json\/wp\/v2\/types\/page"}],"author":[{"embeddable":true,"href":"https:\/\/xstbarth.com\/fr\/wp-json\/wp\/v2\/users\/1"}],"replies":[{"embeddable":true,"href":"https:\/\/xstbarth.com\/fr\/wp-json\/wp\/v2\/comments?post=139"}],"version-history":[{"count":9,"href":"https:\/\/xstbarth.com\/fr\/wp-json\/wp\/v2\/pages\/139\/revisions"}],"predecessor-version":[{"id":867,"href":"https:\/\/xstbarth.com\/fr\/wp-json\/wp\/v2\/pages\/139\/revisions\/867"}],"wp:attachment":[{"href":"https:\/\/xstbarth.com\/fr\/wp-json\/wp\/v2\/media?parent=139"}],"curies":[{"name":"wp","href":"https:\/\/api.w.org\/{rel}","templated":true}]}}