{"id":138,"date":"2025-05-07T09:23:18","date_gmt":"2025-05-07T07:23:18","guid":{"rendered":"https:\/\/xstbarth.com\/vendre\/"},"modified":"2025-06-26T15:33:15","modified_gmt":"2025-06-26T13:33:15","slug":"vendre","status":"publish","type":"page","link":"https:\/\/xstbarth.com\/fr\/vendre\/","title":{"rendered":"Vendre"},"content":{"rendered":"\n<section class=\"block-main-hero full-width\" data-bg=\"\">\n      <img loading=\"lazy\" decoding=\"async\" width=\"393\" height=\"782\" src=\"https:\/\/xstbarth.com\/wp-content\/uploads\/2025\/05\/Mask-13.jpg\" class=\"main-hero-img d-sm-none img-fluid img-fluid\" alt=\"\" sizes=\"(min-width: 0px) 100vw, (min-width: 0px) 100vh\" srcset=\"https:\/\/xstbarth.com\/wp-content\/uploads\/2025\/05\/Mask-13.jpg 393w, https:\/\/xstbarth.com\/wp-content\/uploads\/2025\/05\/Mask-13-302x600.jpg 302w\" \/>        <img loading=\"lazy\" decoding=\"async\" width=\"1920\" height=\"1081\" src=\"https:\/\/xstbarth.com\/wp-content\/uploads\/2025\/05\/Fond-cropped-image.jpg\" class=\"main-hero-img d-none d-sm-block img-fluid\" alt=\"\" sizes=\"(min-width: 0px) 100vw, (min-width: 0px) 100vh\" srcset=\"https:\/\/xstbarth.com\/wp-content\/uploads\/2025\/05\/Fond-cropped-image.jpg 1920w, https:\/\/xstbarth.com\/wp-content\/uploads\/2025\/05\/Fond-cropped-image-800x450.jpg 800w, https:\/\/xstbarth.com\/wp-content\/uploads\/2025\/05\/Fond-cropped-image-1320x743.jpg 1320w, https:\/\/xstbarth.com\/wp-content\/uploads\/2025\/05\/Fond-cropped-image-768x432.jpg 768w, https:\/\/xstbarth.com\/wp-content\/uploads\/2025\/05\/Fond-cropped-image-1536x865.jpg 1536w, https:\/\/xstbarth.com\/wp-content\/uploads\/2025\/05\/Fond-cropped-image-420x236.jpg 420w\" \/>    <div class=\"title-wrapper \">\n          <div class=\"surtitle\">VENDRE VOTRE PROPRI\u00c9T\u00c9 SUR L&rsquo;\u00ceLE<\/div>\n              <h1 class=\"title\">L&rsquo;EXPERTISE DU LUXE<\/h1>\n      <\/div>\n<\/section>\n\n\n\n        <section class=\"block-steps full-width\" data-aos=\"fade-up\" data-bg=\"white\">\n      <div class=\"container\">\n                  <div class=\"surtitle\">\n            Vendre une propri\u00e9t\u00e9 ici peut ressembler au processus am\u00e9ricain, mais vous \u00eates soumis \u00e0 la l\u00e9gislation fran\u00e7aise, avec quelques subtilit\u00e9s uniques.          <\/div>\n                          <h2 class=\"title\">\u00c9TAPE 1 : \u00c9VALUATION INTELLIGENTE<\/h2>\n                          <p>Commencez par une analyse pr\u00e9cise de la valeur de votre villa. \u00c0 Saint-Barth, la raret\u00e9 des biens et l\u2019attrait international du march\u00e9 contribuent \u00e0 une valorisation stable et soutenue sur le long terme.<\/p>\n<p>L&rsquo;\u00e9quipe de X Real Estate vous propose trois approches d&rsquo;\u00e9valuation :<\/p>\n                          <div class=\"values-grid\">\n                          <div class=\"value-wrapper\">\n                <h3 class=\"value-title\">\n                  1. Valeur pour une vente rapide                <\/h3>\n                <div class=\"value-desc\">\n                  Pour ceux qui souhaitent conclure rapidement                <\/div>\n              <\/div>\n                          <div class=\"value-wrapper\">\n                <h3 class=\"value-title\">\n                  2. Valeur actuelle du march\u00e9                <\/h3>\n                <div class=\"value-desc\">\n                  Align\u00e9e sur la demande actuelle                <\/div>\n              <\/div>\n                          <div class=\"value-wrapper\">\n                <h3 class=\"value-title\">\n                  3. Prix \u00ab\u00a0sans urgence\u00a0\u00bb                <\/h3>\n                <div class=\"value-desc\">\n                  Pour une vente \u00e0 votre rythme, avec une approche plus strat\u00e9gique                <\/div>\n              <\/div>\n                      <\/div>\n                          <p>Une fois votre choix fait, nous vous guidons dans la r\u00e9daction des documents n\u00e9cessaires et vous envoyons un\u00a0<strong data-sourcepos=\"120:113-120:131\">Mandat de Vente<\/strong>.<br data-sourcepos=\"120:133-120:134\" \/>\ud83d\udca1 En France, si une offre correspond au prix mandat\u00e9 et sans condition suspensive,\u00a0<strong data-sourcepos=\"121:91-121:163\">vous \u00eates g\u00e9n\u00e9ralement tenu d\u2019accepter ou de payer la commission<\/strong>.<\/p>\n              <\/div>\n    <\/section>\n          <section class=\"block-steps full-width\" data-aos=\"fade-up\" data-bg=\"black\">\n      <div class=\"container\">\n                          <h2 class=\"title\">Step 2: CHOISISSEZ VOTRE STRAT\u00c9GIE<\/h2>\n                                          <p>Pr\u00e9f\u00e9rez-vous\u00a0<strong data-sourcepos=\"125:18-125:41\">une large exposition<\/strong>\u00a0ou une\u00a0<strong data-sourcepos=\"125:52-125:87\">vente discr\u00e8te en liste priv\u00e9e<\/strong>\u00a0?<br data-sourcepos=\"125:91-125:92\" \/>Avec X Real Estate, c\u2019est\u00a0<strong data-sourcepos=\"126:30-126:68\">votre propri\u00e9t\u00e9, votre strat\u00e9gie<\/strong>.<\/p>\n              <\/div>\n    <\/section>\n          <section class=\"block-steps full-width\" data-aos=\"fade-up\" data-bg=\"white\">\n      <div class=\"container\">\n                          <h2 class=\"title\">Step 3: OFFRE &#038; PROCESSUS D&rsquo;ACHAT<\/h2>\n                                          <p dir=\"auto\" data-sourcepos=\"130:1-130:95\">Une fois l\u2019offre accept\u00e9e, l\u2019acheteur dispose de\u00a040 jours\u00a0pour finaliser la transaction.<\/p>\n<p dir=\"auto\" data-sourcepos=\"130:1-130:95\">\u00a0<\/p>\n<ul dir=\"auto\" data-sourcepos=\"132:1-135:0\">\n<li data-sourcepos=\"132:1-132:73\"><strong data-sourcepos=\"132:3-132:28\">Signature du compromis<\/strong>\u00a0: L\u2019acheteur verse\u00a0<strong data-sourcepos=\"132:53-132:72\">10 % d\u2019acompte<\/strong>.<\/li>\n<li data-sourcepos=\"133:1-133:72\"><strong data-sourcepos=\"133:3-133:36\">D\u00e9lai de r\u00e9tractation l\u00e9gal<\/strong>\u00a0:\u00a0<strong data-sourcepos=\"133:42-133:53\">10 jours<\/strong>\u00a0suppl\u00e9mentaires.<\/li>\n<li data-sourcepos=\"134:1-135:0\"><strong data-sourcepos=\"134:3-134:26\">Droit de pr\u00e9emption<\/strong>\u00a0: L\u2019\u00c9tat de Saint-Barth\u00a0<strong data-sourcepos=\"134:57-134:80\">dispose de deux mois<\/strong>\u00a0pour faire une offre prioritaire (rarement utilis\u00e9).<\/li>\n<\/ul>\n              <\/div>\n    <\/section>\n          <section class=\"block-steps full-width\" data-aos=\"fade-up\" data-bg=\"black\">\n      <div class=\"container\">\n                          <h2 class=\"title\">Step 4: UNE CL\u00d4TURE SEREINE<\/h2>\n                                          <p>Une fois les d\u00e9lais de r\u00e9tractation \u00e9coul\u00e9s, vous recevrez\u00a0<strong data-sourcepos=\"138:65-138:91\">l\u2019acte de vente final<\/strong>\u00a0dans votre langue.<br data-sourcepos=\"138:112-138:113\" \/>La cl\u00f4ture suit g\u00e9n\u00e9ralement dans\u00a0<strong data-sourcepos=\"139:39-139:76\">les une \u00e0 deux semaines suivantes<\/strong>.<\/p>\n              <\/div>\n    <\/section>\n      \n\n\n  <section class=\"block-cards\" data-aos=\"fade-up\">\n    <div class=\"container\">\n              <h2 class=\"section-title\">CONSID\u00c9RATIONS FINANCI\u00c8RES IMPORTANTES<\/h2>\n            <div class=\"card-grid\">\n                  <div class=\"card\">\n            <div class=\"card-title\">\n              Aucune taxe fonci\u00e8re annuelle            <\/div>\n            <div class=\"card-desc\">\n              <p>Oui, vous avez bien lu :\u00a0<strong data-sourcepos=\"144:27-144:52\">pas d\u2019imp\u00f4t foncier<\/strong>\u00a0tant que vous \u00eates propri\u00e9taire.<\/p>            <\/div>\n          <\/div>\n                  <div class=\"card\">\n            <div class=\"card-title\">\n              Plus-value immobili\u00e8re            <\/div>\n            <div class=\"card-desc\">\n              <ul>\n<li data-sourcepos=\"148:1-148:153\">Si vous \u00eates\u00a0<strong data-sourcepos=\"148:18-148:47\">un propri\u00e9taire \u00e9tranger<\/strong>\u00a0vendant avant\u00a0<strong data-sourcepos=\"148:65-148:87\">8 ans de d\u00e9tention<\/strong>, pr\u00e9voyez\u00a0<strong data-sourcepos=\"148:101-148:133\">un minimum de 35 % d\u2019imp\u00f4t<\/strong>\u00a0sur la plus-value.<\/li>\n<li data-sourcepos=\"149:1-149:55\">Cet imp\u00f4t\u00a0<strong data-sourcepos=\"149:15-149:40\">diminue de 10 % par an<\/strong>\u00a0apr\u00e8s 8 ans.<\/li>\n<li data-sourcepos=\"150:1-151:0\">Au\u00a0<strong data-sourcepos=\"150:7-150:24\">bout de 18 ans<\/strong>, vous \u00eates\u00a0<strong data-sourcepos=\"150:39-150:62\">totalement exon\u00e9r\u00e9<\/strong>.<\/li>\n<\/ul>            <\/div>\n          <\/div>\n              <\/div>\n              <div class=\"footer-title\">\n          \ud83d\udca1\u00a0Astuce :\u00a0        <\/div>\n                    <div class=\"footer-content\">\n          Consultez\u00a0votre notaire\u00a0et\u00a0votre conseiller fiscal\u00a0pour aligner la vente avec votre strat\u00e9gie financi\u00e8re.        <\/div>\n          <\/div>\n  <\/section>\n\n\n\n\n<section class=\"block-background-img has-dark-bg full-width\" data-aos=\"zoom-in\">\n      <img loading=\"lazy\" decoding=\"async\" width=\"393\" height=\"500\" src=\"https:\/\/xstbarth.com\/wp-content\/uploads\/2025\/05\/AdobeStock_144199251-crop-group.jpg\" class=\"background-img d-sm-none img-fluid\" alt=\"\" sizes=\"(min-width: 0px) 100vw, (min-width: 0px) 100vh\" \/>        <img loading=\"lazy\" decoding=\"async\" width=\"1797\" height=\"1200\" src=\"https:\/\/xstbarth.com\/wp-content\/uploads\/2025\/05\/AdobeStock_144199251-cropped-image-1797x1200.jpg\" class=\"background-img d-none d-sm-block img-fluid\" alt=\"\" sizes=\"(min-width: 0px) 100vw, (min-width: 0px) 100vh\" srcset=\"https:\/\/xstbarth.com\/wp-content\/uploads\/2025\/05\/AdobeStock_144199251-cropped-image-1797x1200.jpg 1797w, https:\/\/xstbarth.com\/wp-content\/uploads\/2025\/05\/AdobeStock_144199251-cropped-image-800x534.jpg 800w, https:\/\/xstbarth.com\/wp-content\/uploads\/2025\/05\/AdobeStock_144199251-cropped-image-1198x800.jpg 1198w, https:\/\/xstbarth.com\/wp-content\/uploads\/2025\/05\/AdobeStock_144199251-cropped-image-768x513.jpg 768w, https:\/\/xstbarth.com\/wp-content\/uploads\/2025\/05\/AdobeStock_144199251-cropped-image-1536x1026.jpg 1536w, https:\/\/xstbarth.com\/wp-content\/uploads\/2025\/05\/AdobeStock_144199251-cropped-image-420x280.jpg 420w, https:\/\/xstbarth.com\/wp-content\/uploads\/2025\/05\/AdobeStock_144199251-cropped-image.jpg 1920w\" \/>    <div class=\"title-wrapper\">\n          <div class=\"title\"><h3>Faites estimer votre bien gratuitement avec X Real Estate.<\/h3>\n<h3>Contactez-nous pour fixer un rendez-vous.<\/h3>\n<\/div>\n        \n  <ul class=\"infos-form\">\n                  <li class=\"member-infos\">\n          <a href=\"tel:+1(508)2215527\">\n                          <span class=\"member-name\">Douglas  :<\/span>\n                        <span class=\"member-phone\">+1 (508) 221 5527 <\/span>\n          <\/a>\n        <\/li>\n                        <li class=\"member-infos\">\n          <a href=\"tel:+33645582748\">\n                          <span class=\"member-name\">JP :<\/span>\n                        <span class=\"member-phone\">+33 6 45 58 27 48<\/span>\n          <\/a>\n        <\/li>\n                    <li>\n        <a href=\"https:\/\/wa.me\/+590690766515\" target=\"_blank\">\n          <svg class=\"svg-logo-whatsapp-dims\">\n            <use xmlns:xlink=\"http:\/\/www.w3.org\/1999\/xlink\" xlink:href=\"https:\/\/xstbarth.com\/wp-content\/themes\/x-real-estate\/dist\/images\/sprite.symbol.9ce77acc.svg#logo-whatsapp\"><\/use>\n          <\/svg>\n        <\/a>\n      <\/li>\n      <\/ul>\n          <a href=\"https:\/\/xstbarth.com\/rent\/\" class=\"btn btn-secondary\">\n        contactez-nous      <\/a>\n      <\/div>\n<\/section>\n\n","protected":false},"excerpt":{"rendered":"","protected":false},"author":1,"featured_media":0,"parent":0,"menu_order":0,"comment_status":"closed","ping_status":"closed","template":"template-pagebuilder.php","meta":{"inline_featured_image":false,"footnotes":""},"class_list":["post-138","page","type-page","status-publish","hentry"],"yoast_head":"<!-- This site is optimized with the Yoast SEO plugin v26.0 - https:\/\/yoast.com\/wordpress\/plugins\/seo\/ -->\n<title>Vendre - X Real Estate<\/title>\n<meta name=\"robots\" content=\"index, follow, max-snippet:-1, max-image-preview:large, max-video-preview:-1\" \/>\n<link rel=\"canonical\" href=\"https:\/\/x-real-estate.staging2.kaizen-developments.com\/fr\/vendre\/\" \/>\n<meta property=\"og:locale\" content=\"fr_FR\" \/>\n<meta property=\"og:type\" content=\"article\" \/>\n<meta property=\"og:title\" content=\"Vendre - X Real Estate\" \/>\n<meta property=\"og:url\" content=\"https:\/\/x-real-estate.staging2.kaizen-developments.com\/fr\/vendre\/\" \/>\n<meta property=\"og:site_name\" content=\"X Real Estate\" \/>\n<meta property=\"article:modified_time\" content=\"2025-06-26T13:33:15+00:00\" \/>\n<meta name=\"twitter:card\" content=\"summary_large_image\" \/>\n<script type=\"application\/ld+json\" class=\"yoast-schema-graph\">{\"@context\":\"https:\/\/schema.org\",\"@graph\":[{\"@type\":\"WebPage\",\"@id\":\"https:\/\/x-real-estate.staging2.kaizen-developments.com\/fr\/vendre\/\",\"url\":\"https:\/\/x-real-estate.staging2.kaizen-developments.com\/fr\/vendre\/\",\"name\":\"Vendre - X Real Estate\",\"isPartOf\":{\"@id\":\"https:\/\/x-real-estate.dev5.kaizen-developments.com\/#website\"},\"datePublished\":\"2025-05-07T07:23:18+00:00\",\"dateModified\":\"2025-06-26T13:33:15+00:00\",\"breadcrumb\":{\"@id\":\"https:\/\/x-real-estate.staging2.kaizen-developments.com\/fr\/vendre\/#breadcrumb\"},\"inLanguage\":\"fr-FR\",\"potentialAction\":[{\"@type\":\"ReadAction\",\"target\":[\"https:\/\/x-real-estate.staging2.kaizen-developments.com\/fr\/vendre\/\"]}]},{\"@type\":\"BreadcrumbList\",\"@id\":\"https:\/\/x-real-estate.staging2.kaizen-developments.com\/fr\/vendre\/#breadcrumb\",\"itemListElement\":[{\"@type\":\"ListItem\",\"position\":1,\"name\":\"Home\",\"item\":\"https:\/\/x-real-estate.staging2.kaizen-developments.com\/fr\/\"},{\"@type\":\"ListItem\",\"position\":2,\"name\":\"Vendre\"}]},{\"@type\":\"WebSite\",\"@id\":\"https:\/\/x-real-estate.dev5.kaizen-developments.com\/#website\",\"url\":\"https:\/\/x-real-estate.dev5.kaizen-developments.com\/\",\"name\":\"X Real Estate\",\"description\":\"\",\"potentialAction\":[{\"@type\":\"SearchAction\",\"target\":{\"@type\":\"EntryPoint\",\"urlTemplate\":\"https:\/\/x-real-estate.dev5.kaizen-developments.com\/?s={search_term_string}\"},\"query-input\":{\"@type\":\"PropertyValueSpecification\",\"valueRequired\":true,\"valueName\":\"search_term_string\"}}],\"inLanguage\":\"fr-FR\"}]}<\/script>\n<!-- \/ Yoast SEO plugin. -->","yoast_head_json":{"title":"Vendre - X Real Estate","robots":{"index":"index","follow":"follow","max-snippet":"max-snippet:-1","max-image-preview":"max-image-preview:large","max-video-preview":"max-video-preview:-1"},"canonical":"https:\/\/x-real-estate.staging2.kaizen-developments.com\/fr\/vendre\/","og_locale":"fr_FR","og_type":"article","og_title":"Vendre - X Real Estate","og_url":"https:\/\/x-real-estate.staging2.kaizen-developments.com\/fr\/vendre\/","og_site_name":"X Real Estate","article_modified_time":"2025-06-26T13:33:15+00:00","twitter_card":"summary_large_image","schema":{"@context":"https:\/\/schema.org","@graph":[{"@type":"WebPage","@id":"https:\/\/x-real-estate.staging2.kaizen-developments.com\/fr\/vendre\/","url":"https:\/\/x-real-estate.staging2.kaizen-developments.com\/fr\/vendre\/","name":"Vendre - X Real Estate","isPartOf":{"@id":"https:\/\/x-real-estate.dev5.kaizen-developments.com\/#website"},"datePublished":"2025-05-07T07:23:18+00:00","dateModified":"2025-06-26T13:33:15+00:00","breadcrumb":{"@id":"https:\/\/x-real-estate.staging2.kaizen-developments.com\/fr\/vendre\/#breadcrumb"},"inLanguage":"fr-FR","potentialAction":[{"@type":"ReadAction","target":["https:\/\/x-real-estate.staging2.kaizen-developments.com\/fr\/vendre\/"]}]},{"@type":"BreadcrumbList","@id":"https:\/\/x-real-estate.staging2.kaizen-developments.com\/fr\/vendre\/#breadcrumb","itemListElement":[{"@type":"ListItem","position":1,"name":"Home","item":"https:\/\/x-real-estate.staging2.kaizen-developments.com\/fr\/"},{"@type":"ListItem","position":2,"name":"Vendre"}]},{"@type":"WebSite","@id":"https:\/\/x-real-estate.dev5.kaizen-developments.com\/#website","url":"https:\/\/x-real-estate.dev5.kaizen-developments.com\/","name":"X Real Estate","description":"","potentialAction":[{"@type":"SearchAction","target":{"@type":"EntryPoint","urlTemplate":"https:\/\/x-real-estate.dev5.kaizen-developments.com\/?s={search_term_string}"},"query-input":{"@type":"PropertyValueSpecification","valueRequired":true,"valueName":"search_term_string"}}],"inLanguage":"fr-FR"}]}},"_links":{"self":[{"href":"https:\/\/xstbarth.com\/fr\/wp-json\/wp\/v2\/pages\/138","targetHints":{"allow":["GET"]}}],"collection":[{"href":"https:\/\/xstbarth.com\/fr\/wp-json\/wp\/v2\/pages"}],"about":[{"href":"https:\/\/xstbarth.com\/fr\/wp-json\/wp\/v2\/types\/page"}],"author":[{"embeddable":true,"href":"https:\/\/xstbarth.com\/fr\/wp-json\/wp\/v2\/users\/1"}],"replies":[{"embeddable":true,"href":"https:\/\/xstbarth.com\/fr\/wp-json\/wp\/v2\/comments?post=138"}],"version-history":[{"count":9,"href":"https:\/\/xstbarth.com\/fr\/wp-json\/wp\/v2\/pages\/138\/revisions"}],"predecessor-version":[{"id":675,"href":"https:\/\/xstbarth.com\/fr\/wp-json\/wp\/v2\/pages\/138\/revisions\/675"}],"wp:attachment":[{"href":"https:\/\/xstbarth.com\/fr\/wp-json\/wp\/v2\/media?parent=138"}],"curies":[{"name":"wp","href":"https:\/\/api.w.org\/{rel}","templated":true}]}}