{"id":137,"date":"2025-05-07T09:23:18","date_gmt":"2025-05-07T07:23:18","guid":{"rendered":"https:\/\/xstbarth.com\/louer\/"},"modified":"2025-09-02T20:21:25","modified_gmt":"2025-09-02T18:21:25","slug":"louer","status":"publish","type":"page","link":"https:\/\/xstbarth.com\/fr\/louer\/","title":{"rendered":"Louer"},"content":{"rendered":"\n<section class=\"block-rent-hero\" data-bg=\"dark-black\">\n  <div class=\"container\">\n          <h1 class=\"title\">My villa is so awesome. Chilling there is so peaceful. It&rsquo;s a trap I can not leave!<\/h1>\n              <div class=\"subtitle\">Overheard St Barth problem<\/div>\n      <\/div>\n<\/section>\n\n\n\n<section class=\"block-contact-form\" data-aos=\"fade-up\">\n  <div class=\"container\">\n          <div class=\"form-top\">\n                  <div class=\"title\">X REAL ESTATE VOUS OUVRE LES PORTES DE PLUS DE 400 VILLAS \u00c0 LOUER<\/div>\n                          <div class=\"subtitle\"><p>Gr\u00e2ce \u00e0 ses partenariats exclusifs, X Real Estate propose l\u2019acc\u00e8s au plus vaste portefeuille de propri\u00e9t\u00e9s de location \u00e0 Saint-Barth.<br data-start=\"357\" data-end=\"360\" \/>Pensez \u00e0 X comme votre <strong data-start=\"383\" data-end=\"400\">r\u00e9seau unique<\/strong> pour d\u00e9couvrir toutes les villas disponibles sur l\u2019\u00eele.<\/p><\/div>\n              <\/div>\n      <\/div>\n  <div class=\"form-banner\">\n          <h3 class=\"title-form\">Veuillez remplir le court questionnaire ci-dessous ou contactez-nous directement<\/h3>\n        \n  <ul class=\"infos-form\">\n                  <li class=\"member-infos\">\n          <a href=\"tel:+1(508)2215527\">\n                          <span class=\"member-name\">Douglas  :<\/span>\n                        <span class=\"member-phone\">+1 (508) 221 5527 <\/span>\n          <\/a>\n        <\/li>\n                        <li class=\"member-infos\">\n          <a href=\"tel:+33645582748\">\n                          <span class=\"member-name\">JP :<\/span>\n                        <span class=\"member-phone\">+33 6 45 58 27 48<\/span>\n          <\/a>\n        <\/li>\n                    <li>\n        <a href=\"https:\/\/wa.me\/+590690766515\" target=\"_blank\">\n          <svg class=\"svg-logo-whatsapp-dims\">\n            <use xmlns:xlink=\"http:\/\/www.w3.org\/1999\/xlink\" xlink:href=\"https:\/\/xstbarth.com\/wp-content\/themes\/x-real-estate\/dist\/images\/sprite.symbol.9ce77acc.svg#logo-whatsapp\"><\/use>\n          <\/svg>\n        <\/a>\n      <\/li>\n      <\/ul>\n  <\/div>\n      <div class=\"contact-form\">\n              <div class=\"label-form-intro\">Merci de remplir le formulaire ci-dessous:<\/div>\n            \n<div class=\"wpcf7 no-js\" id=\"wpcf7-f323-o1\" lang=\"en-US\" dir=\"ltr\" data-wpcf7-id=\"323\">\n<div class=\"screen-reader-response\"><p role=\"status\" aria-live=\"polite\" aria-atomic=\"true\"><\/p> <ul><\/ul><\/div>\n<form action=\"\/fr\/wp-json\/wp\/v2\/pages\/137#wpcf7-f323-o1\" method=\"post\" class=\"wpcf7-form init\" aria-label=\"Contact form\" novalidate=\"novalidate\" data-status=\"init\">\n<fieldset class=\"hidden-fields-container\"><input type=\"hidden\" name=\"_wpcf7\" value=\"323\" \/><input type=\"hidden\" name=\"_wpcf7_version\" value=\"6.1.1\" \/><input type=\"hidden\" name=\"_wpcf7_locale\" value=\"en_US\" \/><input type=\"hidden\" name=\"_wpcf7_unit_tag\" value=\"wpcf7-f323-o1\" \/><input type=\"hidden\" name=\"_wpcf7_container_post\" value=\"0\" \/><input type=\"hidden\" name=\"_wpcf7_posted_data_hash\" value=\"\" \/>\n<\/fieldset>\n<div class=\"form-2col\">\n\t<p><label>Pr\u00e9nom * <span class=\"wpcf7-form-control-wrap\" data-name=\"firstname\"><input size=\"40\" maxlength=\"400\" class=\"wpcf7-form-control wpcf7-text wpcf7-validates-as-required form-control\" aria-required=\"true\" aria-invalid=\"false\" placeholder=\"Ronald\" value=\"\" type=\"text\" name=\"firstname\" \/><\/span><\/label>\n\t<\/p>\n\t<p><label>Nom * <span class=\"wpcf7-form-control-wrap\" data-name=\"surname\"><input size=\"40\" maxlength=\"400\" class=\"wpcf7-form-control wpcf7-text wpcf7-validates-as-required form-control\" aria-required=\"true\" aria-invalid=\"false\" placeholder=\"McEwen\" value=\"\" type=\"text\" name=\"surname\" \/><\/span><\/label>\n\t<\/p>\n<\/div>\n<div class=\"form-2col\">\n\t<p><label>E-mail * <span class=\"wpcf7-form-control-wrap\" data-name=\"email\"><input size=\"40\" maxlength=\"400\" class=\"wpcf7-form-control wpcf7-email wpcf7-validates-as-required wpcf7-text wpcf7-validates-as-email form-control\" aria-required=\"true\" aria-invalid=\"false\" placeholder=\"ronaldmcewen@gmail.com\" value=\"\" type=\"email\" name=\"email\" \/><\/span><\/label>\n\t<\/p>\n\t<p><label>Num\u00e9ro de t\u00e9l\u00e9phone * <span class=\"wpcf7-form-control-wrap\" data-name=\"tel\"><input size=\"40\" maxlength=\"13\" minlength=\"10\" class=\"wpcf7-form-control wpcf7-tel wpcf7-validates-as-required wpcf7-text wpcf7-validates-as-tel form-control\" aria-required=\"true\" aria-invalid=\"false\" placeholder=\"+12481237654\" value=\"\" type=\"tel\" name=\"tel\" \/><\/span><\/label>\n\t<\/p>\n<\/div>\n<hr \/>\n<p><label>Localisations *<\/label>\n<\/p>\n<p><span class=\"wpcf7-form-control-wrap\" data-name=\"locations\"><span class=\"wpcf7-form-control wpcf7-checkbox wpcf7-validates-as-required\"><span class=\"wpcf7-list-item first\"><label><input type=\"checkbox\" name=\"locations[]\" value=\"All\" \/><span class=\"wpcf7-list-item-label\">All<\/span><\/label><\/span><span class=\"wpcf7-list-item\"><label><input type=\"checkbox\" name=\"locations[]\" value=\"Gustavia \/ Public\" \/><span class=\"wpcf7-list-item-label\">Gustavia \/ Public<\/span><\/label><\/span><span class=\"wpcf7-list-item\"><label><input type=\"checkbox\" name=\"locations[]\" value=\"Lurin\" \/><span class=\"wpcf7-list-item-label\">Lurin<\/span><\/label><\/span><span class=\"wpcf7-list-item\"><label><input type=\"checkbox\" name=\"locations[]\" value=\"Saline\" \/><span class=\"wpcf7-list-item-label\">Saline<\/span><\/label><\/span><span class=\"wpcf7-list-item\"><label><input type=\"checkbox\" name=\"locations[]\" value=\"Grand Cul-de-Sac\" \/><span class=\"wpcf7-list-item-label\">Grand Cul-de-Sac<\/span><\/label><\/span><span class=\"wpcf7-list-item\"><label><input type=\"checkbox\" name=\"locations[]\" value=\"Corossol\" \/><span class=\"wpcf7-list-item-label\">Corossol<\/span><\/label><\/span><span class=\"wpcf7-list-item\"><label><input type=\"checkbox\" name=\"locations[]\" value=\"Gouverneur\" \/><span class=\"wpcf7-list-item-label\">Gouverneur<\/span><\/label><\/span><span class=\"wpcf7-list-item\"><label><input type=\"checkbox\" name=\"locations[]\" value=\"Lorient \/ Camaruche\" \/><span class=\"wpcf7-list-item-label\">Lorient \/ Camaruche<\/span><\/label><\/span><span class=\"wpcf7-list-item\"><label><input type=\"checkbox\" name=\"locations[]\" value=\"Marigot\" \/><span class=\"wpcf7-list-item-label\">Marigot<\/span><\/label><\/span><span class=\"wpcf7-list-item\"><label><input type=\"checkbox\" name=\"locations[]\" value=\"Petit Cul-de-Sac\" \/><span class=\"wpcf7-list-item-label\">Petit Cul-de-Sac<\/span><\/label><\/span><span class=\"wpcf7-list-item\"><label><input type=\"checkbox\" name=\"locations[]\" value=\"Pointe Milou\" \/><span class=\"wpcf7-list-item-label\">Pointe Milou<\/span><\/label><\/span><span class=\"wpcf7-list-item\"><label><input type=\"checkbox\" name=\"locations[]\" value=\"Saint-Jean\" \/><span class=\"wpcf7-list-item-label\">Saint-Jean<\/span><\/label><\/span><span class=\"wpcf7-list-item\"><label><input type=\"checkbox\" name=\"locations[]\" value=\"Toiny\" \/><span class=\"wpcf7-list-item-label\">Toiny<\/span><\/label><\/span><span class=\"wpcf7-list-item\"><label><input type=\"checkbox\" name=\"locations[]\" value=\"Flamands\" \/><span class=\"wpcf7-list-item-label\">Flamands<\/span><\/label><\/span><span class=\"wpcf7-list-item\"><label><input type=\"checkbox\" name=\"locations[]\" value=\"Vitet\" \/><span class=\"wpcf7-list-item-label\">Vitet<\/span><\/label><\/span><span class=\"wpcf7-list-item\"><label><input type=\"checkbox\" name=\"locations[]\" value=\"Anse des Cayes\" \/><span class=\"wpcf7-list-item-label\">Anse des Cayes<\/span><\/label><\/span><span class=\"wpcf7-list-item last\"><label><input type=\"checkbox\" name=\"locations[]\" value=\"Colombier\" \/><span class=\"wpcf7-list-item-label\">Colombier<\/span><\/label><\/span><\/span><\/span>\n<\/p>\n<div class=\"form-4col\">\n\t<p><label>Nombre de personnes <span class=\"wpcf7-form-control-wrap\" data-name=\"people\"><input class=\"wpcf7-form-control wpcf7-number wpcf7-validates-as-number form-control\" aria-invalid=\"false\" value=\"\" type=\"number\" name=\"people\" \/><\/span><\/label>\n\t<\/p>\n\t<p><label>Nombre d&rsquo;enfants <span class=\"wpcf7-form-control-wrap\" data-name=\"children\"><input class=\"wpcf7-form-control wpcf7-number wpcf7-validates-as-number form-control\" aria-invalid=\"false\" value=\"\" type=\"number\" name=\"children\" \/><\/span><\/label>\n\t<\/p>\n\t<p><label>Nombre d&rsquo;enfants de 0 \u00e0 2 ans <span class=\"wpcf7-form-control-wrap\" data-name=\"babies\"><input class=\"wpcf7-form-control wpcf7-number wpcf7-validates-as-number form-control\" aria-invalid=\"false\" value=\"\" type=\"number\" name=\"babies\" \/><\/span><\/label>\n\t<\/p>\n\t<p><label>Nombre d&rsquo;enfants de 2 \u00e0 10 ans <span class=\"wpcf7-form-control-wrap\" data-name=\"young_children\"><input class=\"wpcf7-form-control wpcf7-number wpcf7-validates-as-number form-control\" aria-invalid=\"false\" value=\"\" type=\"number\" name=\"young_children\" \/><\/span><\/label>\n\t<\/p>\n<\/div>\n<hr \/>\n<div class=\"form-3col\">\n\t<p><label>Date d&rsquo;arriv\u00e9e *         <span  class=\"wpcf7-form-control-wrap datepicker-437\" data-name=\"datepicker-437\">\n        \t<input size=\"40\" class=\"wpcf7-form-control wpcf7-datepicker wpcf7-validates-as-required datepicker form-control gmdpcf_datepicker\" placeholder=\"JJ-MM-YYYY\" value=\"\" format=\"dd-mm-yy\" min_val=\"current|plus|1|days\" max_val=\"no_limit\" disable_weekdays=\"\" aria-required=\"true\" aria-invalid=\"false\" type=\"text\" name=\"datepicker-437\" \/>\n        \t\t\t<\/span >\n        <\/label>\n\t<\/p>\n\t<p><label>Date de d\u00e9part *         <span  class=\"wpcf7-form-control-wrap datepicker-331\" data-name=\"datepicker-331\">\n        \t<input size=\"40\" class=\"wpcf7-form-control wpcf7-datepicker wpcf7-validates-as-required datepicker form-control gmdpcf_datepicker\" placeholder=\"JJ-MM-YYYY\" value=\"\" format=\"dd-mm-yy\" min_val=\"field_name|datepicker-437\" max_val=\"no_limit\" disable_weekdays=\"\" aria-required=\"true\" aria-invalid=\"false\" type=\"text\" name=\"datepicker-331\" \/>\n        \t\t\t<\/span >\n        <\/label>\n\t<\/p>\n\t<p><label>Nombre minimum de chambres* <span class=\"wpcf7-form-control-wrap\" data-name=\"bedrooms\"><select class=\"wpcf7-form-control wpcf7-select wpcf7-validates-as-required form-select\" aria-required=\"true\" aria-invalid=\"false\" name=\"bedrooms\"><option value=\"1\">1<\/option><option value=\"2\">2<\/option><option value=\"3\">3<\/option><option value=\"4\">4<\/option><option value=\"More than 4 rooms\">More than 4 rooms<\/option><\/select><\/span><\/label>\n\t<\/p>\n<\/div>\n<hr \/>\n<p><label>Informations suppl\u00e9mentaires <span class=\"wpcf7-form-control-wrap\" data-name=\"message\"><textarea cols=\"40\" rows=\"10\" maxlength=\"2000\" class=\"wpcf7-form-control wpcf7-textarea form-control\" aria-invalid=\"false\" placeholder=\"Afin de personnaliser votre exp\u00e9rience, pourriez-vous nous dire ce que vous recherchez dans votre s\u00e9jour id\u00e9al \u00e0 Saint-Barth\u00e9lemy ?\" name=\"message\"><\/textarea><\/span><\/label>\n<\/p>\n<p><span class=\"wpcf7-form-control-wrap\" data-name=\"rgpd\"><span class=\"wpcf7-form-control wpcf7-checkbox wpcf7-validates-as-required rgpd-checkbox\"><span class=\"wpcf7-list-item first last\"><label><input type=\"checkbox\" name=\"rgpd[]\" value=\"J&#039;accepte que les donn\u00e9es saisies dans ce formulaire soient utilis\u00e9es par X Real pour traiter ma demande, conform\u00e9ment \u00e0 la politique de confidentialit\u00e9 de ce site.\" \/><span class=\"wpcf7-list-item-label\">J&#039;accepte que les donn\u00e9es saisies dans ce formulaire soient utilis\u00e9es par X Real pour traiter ma demande, conform\u00e9ment \u00e0 la politique de confidentialit\u00e9 de ce site.<\/span><\/label><\/span><\/span><\/span>\n<\/p>\n<div class=\"wpcf7-response-output\" aria-hidden=\"true\"><\/div>\n<p><input class=\"wpcf7-form-control wpcf7-submit has-spinner btn btn-primary\" type=\"submit\" value=\"Soumettre ma demande\" \/>\n<\/p><div class=\"pow-captcha-placeholder\"><\/div>\n<\/form>\n<\/div>\n              <div class=\"form-rgpd\">* Champs requis<\/div>\n          <\/div>\n  <\/section>\n","protected":false},"excerpt":{"rendered":"","protected":false},"author":1,"featured_media":0,"parent":0,"menu_order":0,"comment_status":"closed","ping_status":"closed","template":"template-pagebuilder.php","meta":{"inline_featured_image":false,"footnotes":""},"class_list":["post-137","page","type-page","status-publish","hentry"],"yoast_head":"<!-- This site is optimized with the Yoast SEO plugin v26.0 - https:\/\/yoast.com\/wordpress\/plugins\/seo\/ -->\n<title>Louer - X Real Estate<\/title>\n<meta name=\"robots\" content=\"index, follow, max-snippet:-1, max-image-preview:large, max-video-preview:-1\" \/>\n<link rel=\"canonical\" href=\"https:\/\/x-real-estate.staging2.kaizen-developments.com\/fr\/louer\/\" \/>\n<meta property=\"og:locale\" content=\"fr_FR\" \/>\n<meta property=\"og:type\" content=\"article\" \/>\n<meta property=\"og:title\" content=\"Louer - X Real Estate\" \/>\n<meta property=\"og:url\" content=\"https:\/\/x-real-estate.staging2.kaizen-developments.com\/fr\/louer\/\" \/>\n<meta property=\"og:site_name\" content=\"X Real Estate\" \/>\n<meta property=\"article:modified_time\" content=\"2025-09-02T18:21:25+00:00\" \/>\n<meta name=\"twitter:card\" content=\"summary_large_image\" \/>\n<script type=\"application\/ld+json\" class=\"yoast-schema-graph\">{\"@context\":\"https:\/\/schema.org\",\"@graph\":[{\"@type\":\"WebPage\",\"@id\":\"https:\/\/x-real-estate.staging2.kaizen-developments.com\/fr\/louer\/\",\"url\":\"https:\/\/x-real-estate.staging2.kaizen-developments.com\/fr\/louer\/\",\"name\":\"Louer - X Real Estate\",\"isPartOf\":{\"@id\":\"https:\/\/x-real-estate.dev5.kaizen-developments.com\/#website\"},\"datePublished\":\"2025-05-07T07:23:18+00:00\",\"dateModified\":\"2025-09-02T18:21:25+00:00\",\"breadcrumb\":{\"@id\":\"https:\/\/x-real-estate.staging2.kaizen-developments.com\/fr\/louer\/#breadcrumb\"},\"inLanguage\":\"fr-FR\",\"potentialAction\":[{\"@type\":\"ReadAction\",\"target\":[\"https:\/\/x-real-estate.staging2.kaizen-developments.com\/fr\/louer\/\"]}]},{\"@type\":\"BreadcrumbList\",\"@id\":\"https:\/\/x-real-estate.staging2.kaizen-developments.com\/fr\/louer\/#breadcrumb\",\"itemListElement\":[{\"@type\":\"ListItem\",\"position\":1,\"name\":\"Home\",\"item\":\"https:\/\/x-real-estate.staging2.kaizen-developments.com\/fr\/\"},{\"@type\":\"ListItem\",\"position\":2,\"name\":\"Louer\"}]},{\"@type\":\"WebSite\",\"@id\":\"https:\/\/x-real-estate.dev5.kaizen-developments.com\/#website\",\"url\":\"https:\/\/x-real-estate.dev5.kaizen-developments.com\/\",\"name\":\"X Real Estate\",\"description\":\"\",\"potentialAction\":[{\"@type\":\"SearchAction\",\"target\":{\"@type\":\"EntryPoint\",\"urlTemplate\":\"https:\/\/x-real-estate.dev5.kaizen-developments.com\/?s={search_term_string}\"},\"query-input\":{\"@type\":\"PropertyValueSpecification\",\"valueRequired\":true,\"valueName\":\"search_term_string\"}}],\"inLanguage\":\"fr-FR\"}]}<\/script>\n<!-- \/ Yoast SEO plugin. -->","yoast_head_json":{"title":"Louer - X Real Estate","robots":{"index":"index","follow":"follow","max-snippet":"max-snippet:-1","max-image-preview":"max-image-preview:large","max-video-preview":"max-video-preview:-1"},"canonical":"https:\/\/x-real-estate.staging2.kaizen-developments.com\/fr\/louer\/","og_locale":"fr_FR","og_type":"article","og_title":"Louer - X Real Estate","og_url":"https:\/\/x-real-estate.staging2.kaizen-developments.com\/fr\/louer\/","og_site_name":"X Real Estate","article_modified_time":"2025-09-02T18:21:25+00:00","twitter_card":"summary_large_image","schema":{"@context":"https:\/\/schema.org","@graph":[{"@type":"WebPage","@id":"https:\/\/x-real-estate.staging2.kaizen-developments.com\/fr\/louer\/","url":"https:\/\/x-real-estate.staging2.kaizen-developments.com\/fr\/louer\/","name":"Louer - X Real Estate","isPartOf":{"@id":"https:\/\/x-real-estate.dev5.kaizen-developments.com\/#website"},"datePublished":"2025-05-07T07:23:18+00:00","dateModified":"2025-09-02T18:21:25+00:00","breadcrumb":{"@id":"https:\/\/x-real-estate.staging2.kaizen-developments.com\/fr\/louer\/#breadcrumb"},"inLanguage":"fr-FR","potentialAction":[{"@type":"ReadAction","target":["https:\/\/x-real-estate.staging2.kaizen-developments.com\/fr\/louer\/"]}]},{"@type":"BreadcrumbList","@id":"https:\/\/x-real-estate.staging2.kaizen-developments.com\/fr\/louer\/#breadcrumb","itemListElement":[{"@type":"ListItem","position":1,"name":"Home","item":"https:\/\/x-real-estate.staging2.kaizen-developments.com\/fr\/"},{"@type":"ListItem","position":2,"name":"Louer"}]},{"@type":"WebSite","@id":"https:\/\/x-real-estate.dev5.kaizen-developments.com\/#website","url":"https:\/\/x-real-estate.dev5.kaizen-developments.com\/","name":"X Real Estate","description":"","potentialAction":[{"@type":"SearchAction","target":{"@type":"EntryPoint","urlTemplate":"https:\/\/x-real-estate.dev5.kaizen-developments.com\/?s={search_term_string}"},"query-input":{"@type":"PropertyValueSpecification","valueRequired":true,"valueName":"search_term_string"}}],"inLanguage":"fr-FR"}]}},"_links":{"self":[{"href":"https:\/\/xstbarth.com\/fr\/wp-json\/wp\/v2\/pages\/137","targetHints":{"allow":["GET"]}}],"collection":[{"href":"https:\/\/xstbarth.com\/fr\/wp-json\/wp\/v2\/pages"}],"about":[{"href":"https:\/\/xstbarth.com\/fr\/wp-json\/wp\/v2\/types\/page"}],"author":[{"embeddable":true,"href":"https:\/\/xstbarth.com\/fr\/wp-json\/wp\/v2\/users\/1"}],"replies":[{"embeddable":true,"href":"https:\/\/xstbarth.com\/fr\/wp-json\/wp\/v2\/comments?post=137"}],"version-history":[{"count":11,"href":"https:\/\/xstbarth.com\/fr\/wp-json\/wp\/v2\/pages\/137\/revisions"}],"predecessor-version":[{"id":813,"href":"https:\/\/xstbarth.com\/fr\/wp-json\/wp\/v2\/pages\/137\/revisions\/813"}],"wp:attachment":[{"href":"https:\/\/xstbarth.com\/fr\/wp-json\/wp\/v2\/media?parent=137"}],"curies":[{"name":"wp","href":"https:\/\/api.w.org\/{rel}","templated":true}]}}